{"id":12579,"date":"2020-02-28T11:39:01","date_gmt":"2020-02-28T09:39:01","guid":{"rendered":"https:\/\/avan.fi\/saavutettavuusseloste"},"modified":"2025-02-18T11:30:51","modified_gmt":"2025-02-18T09:30:51","slug":"tillganglighetsutlatande","status":"publish","type":"page","link":"https:\/\/avan.fi\/sv\/tillganglighetsutlatande","title":{"rendered":"Tillg\u00e4nglighetsutl\u00e5tande"},"content":{"rendered":"[vc_row type=&#8221;in_container&#8221; full_screen_row_position=&#8221;middle&#8221; column_margin=&#8221;default&#8221; column_direction=&#8221;default&#8221; column_direction_tablet=&#8221;default&#8221; column_direction_phone=&#8221;default&#8221; scene_position=&#8221;center&#8221; top_padding=&#8221;2%&#8221; bottom_padding=&#8221;2%&#8221; text_color=&#8221;dark&#8221; text_align=&#8221;left&#8221; row_border_radius=&#8221;none&#8221; row_border_radius_applies=&#8221;bg&#8221; overflow=&#8221;visible&#8221; overlay_strength=&#8221;0.3&#8243; gradient_direction=&#8221;left_to_right&#8221; shape_divider_position=&#8221;bottom&#8221; bg_image_animation=&#8221;none&#8221; shape_type=&#8221;&#8221;][vc_column column_padding=&#8221;padding-5-percent&#8221; column_padding_tablet=&#8221;inherit&#8221; column_padding_phone=&#8221;inherit&#8221; column_padding_position=&#8221;all&#8221; column_element_direction_desktop=&#8221;default&#8221; column_element_spacing=&#8221;default&#8221; desktop_text_alignment=&#8221;default&#8221; tablet_text_alignment=&#8221;default&#8221; phone_text_alignment=&#8221;default&#8221; background_color_opacity=&#8221;1&#8243; background_hover_color_opacity=&#8221;1&#8243; column_backdrop_filter=&#8221;none&#8221; column_shadow=&#8221;none&#8221; column_border_radius=&#8221;none&#8221; column_link_target=&#8221;_self&#8221; column_position=&#8221;default&#8221; gradient_direction=&#8221;left_to_right&#8221; overlay_strength=&#8221;0.3&#8243; width=&#8221;1\/1&#8243; tablet_width_inherit=&#8221;default&#8221; animation_type=&#8221;default&#8221; bg_image_animation=&#8221;none&#8221; border_type=&#8221;simple&#8221; column_border_width=&#8221;none&#8221; column_border_style=&#8221;solid&#8221;][vc_custom_heading text=&#8221;Tillg\u00e4nglighetsutl\u00e5tande&#8221; font_container=&#8221;tag:h1|text_align:left&#8221; use_theme_fonts=&#8221;yes&#8221; css=&#8221;&#8221;][divider line_type=&#8221;No Line&#8221; custom_height=&#8221;30&#8243;][vc_column_text css=&#8221;&#8221; text_direction=&#8221;default&#8221;]<strong>Stiftelsen Aboa Vetus Ars Nova<\/strong><br \/>\nFO-nummer: 0968636\u20130<br \/>\nAdress: Nunnegatan 1, 20700 \u00c5bo<br \/>\n<a href=\"mailto:info@avan.fi\"><strong>info@avan.fi<\/strong><\/a>[\/vc_column_text][vc_column_text css=&#8221;&#8221; text_direction=&#8221;default&#8221;]\n<h3>Webbplatsens tillg\u00e4nglighetsutl\u00e5tande<\/h3>\n<p>Detta tillg\u00e4nglighetsutl\u00e5tande g\u00e4ller tj\u00e4nsten www.avan.fi och har uppdaterats den 10 februari 2025. Tj\u00e4nsten omfattas av lagen om tillhandah\u00e5llande av digitala tj\u00e4nster, som f\u00f6ruts\u00e4tter att offentliga webbtj\u00e4nster ska vara tillg\u00e4ngliga.<\/p>\n<p>Vi har sj\u00e4lva bed\u00f6mt tj\u00e4nstens tillg\u00e4nglighet<\/p>\n<p>&nbsp;<\/p>\n<h3>Den digitala tj\u00e4nstens tillg\u00e4nglighetsstatus<\/h3>\n<p>Webbplatsen www.avan.fi uppfyller f\u00f6r n\u00e4rvarande till stor del kraven p\u00e5 niv\u00e5 A och AA i WCAG-kriterierna.<\/p>\n<p>&nbsp;<\/p>\n<h3>Inneh\u00e5ll eller funktioner som \u00e4nnu inte \u00e4r tillg\u00e4ngliga<\/h3>\n<ul>\n<li>P\u00e5 webbplatsen finns n\u00e5gra bilder som inte har n\u00e5gra beskrivande textmotsvarigheter. (WCAG 1.1.1)<\/li>\n<li>F\u00e4rgkombinationer har anv\u00e4nts p\u00e5 webbplatsen som inte har tillr\u00e4cklig kontrast. (WCAG 1.4.11)<\/li>\n<li>P\u00e5 webbplatsen f\u00f6rekommer ologiska hopp i rubrikniv\u00e5er, vilket kan f\u00f6rsv\u00e5ra navigeringen f\u00f6r vissa bes\u00f6kare p\u00e5 webbplatsen. (WCAG 3.2.3)<\/li>\n<\/ul>\n<p>&nbsp;<\/p>\n<h3>Ge respons p\u00e5 tillg\u00e4ngligheten<\/h3>\n<p>M\u00e4rkte du en brist i tillg\u00e4ngligheten i v\u00e5r digitala tj\u00e4nst? Ber\u00e4tta om det f\u00f6r oss och vi g\u00f6r v\u00e5rt b\u00e4sta f\u00f6r att \u00e5tg\u00e4rda bristen.<\/p>\n<p>Brister kan rapporteras per e-post till adressen: info(at)avan.fi<\/p>\n<p>&nbsp;<\/p>\n<h3>Tillsynsmyndighet<\/h3>\n<p>Om du uppt\u00e4cker tillg\u00e4nglighetsproblem p\u00e5 webbplatsen ska du f\u00f6rst ge respons till oss, dvs. webbplatsens administrat\u00f6r. Svaret kan ta 14 dagar. Om du inte \u00e4r n\u00f6jd med svaret eller om du inte f\u00e5tt n\u00e5got svar inom 14 dagar, kan du anm\u00e4la bristen till Regionf\u00f6rvaltningsverket i S\u00f6dra Finland. P\u00e5 webbplatsen f\u00f6r Regionf\u00f6rvaltningsverket i S\u00f6dra Finland finns detaljerad information om hur anm\u00e4lan kan g\u00f6ras och hur \u00e4rendet behandlas.<\/p>\n<p>&nbsp;<\/p>\n<h3>Tillsynsmyndighetens kontaktuppgifter<\/h3>\n<p>Regionf\u00f6rvaltningsverket i S\u00f6dra Finland<\/p>\n<p>Enheten f\u00f6r tillg\u00e4nglighetstillsyn<\/p>\n<p>www.tillganglighetskrav.fi<\/p>\n<p>saavutettavuus(at)avi.fi<\/p>\n<p>telefonnummer v\u00e4xel 0295 016 000[\/vc_column_text][divider line_type=&#8221;No Line&#8221; custom_height=&#8221;30&#8243;][\/vc_column][\/vc_row]\n","protected":false},"excerpt":{"rendered":"<p>[vc_row type=&#8221;in_container&#8221; full_screen_row_position=&#8221;middle&#8221; column_margin=&#8221;default&#8221; column_direction=&#8221;default&#8221; column_direction_tablet=&#8221;default&#8221; column_direction_phone=&#8221;default&#8221; scene_position=&#8221;center&#8221; top_padding=&#8221;2%&#8221; bottom_padding=&#8221;2%&#8221; text_color=&#8221;dark&#8221; text_align=&#8221;left&#8221; row_border_radius=&#8221;none&#8221; row_border_radius_applies=&#8221;bg&#8221; overflow=&#8221;visible&#8221; overlay_strength=&#8221;0.3&#8243; gradient_direction=&#8221;left_to_right&#8221; shape_divider_position=&#8221;bottom&#8221; bg_image_animation=&#8221;none&#8221; shape_type=&#8221;&#8221;][vc_column column_padding=&#8221;padding-5-percent&#8221; column_padding_tablet=&#8221;inherit&#8221; column_padding_phone=&#8221;inherit&#8221; column_padding_position=&#8221;all&#8221; column_element_direction_desktop=&#8221;default&#8221; column_element_spacing=&#8221;default&#8221; desktop_text_alignment=&#8221;default&#8221; tablet_text_alignment=&#8221;default&#8221; phone_text_alignment=&#8221;default&#8221; background_color_opacity=&#8221;1&#8243; background_hover_color_opacity=&#8221;1&#8243; column_backdrop_filter=&#8221;none&#8221; column_shadow=&#8221;none&#8221; column_border_radius=&#8221;none&#8221; column_link_target=&#8221;_self&#8221; column_position=&#8221;default&#8221; gradient_direction=&#8221;left_to_right&#8221; overlay_strength=&#8221;0.3&#8243; width=&#8221;1\/1&#8243; tablet_width_inherit=&#8221;default&#8221; animation_type=&#8221;default&#8221; bg_image_animation=&#8221;none&#8221; border_type=&#8221;simple&#8221; column_border_width=&#8221;none&#8221; column_border_style=&#8221;solid&#8221;][vc_custom_heading&#8230;<\/p>\n","protected":false},"author":3,"featured_media":0,"parent":0,"menu_order":0,"comment_status":"closed","ping_status":"closed","template":"","meta":{"_acf_changed":false,"footnotes":""},"class_list":["post-12579","page","type-page","status-publish"],"acf":[],"yoast_head":"<!-- This site is optimized with the Yoast SEO plugin v27.2 - https:\/\/yoast.com\/product\/yoast-seo-wordpress\/ -->\n<title>Tillg\u00e4nglighetsutl\u00e5tande | Aboa Vetus Ars Nova<\/title>\n<meta name=\"description\" content=\"Avan.fi -verkkosivujen suunnittelussa ja toteutuksessa on pyritty ottamaan huomioon sek\u00e4 verkkosis\u00e4lt\u00f6jen saavutettavuutta koskeva lains\u00e4\u00e4d\u00e4nt\u00f6 ett\u00e4 ohjeet.\" \/>\n<meta name=\"robots\" content=\"index, follow, max-snippet:-1, max-image-preview:large, max-video-preview:-1\" \/>\n<link rel=\"canonical\" href=\"https:\/\/avan.fi\/sv\/tillganglighetsutlatande\" \/>\n<meta property=\"og:locale\" content=\"sv_SE\" \/>\n<meta property=\"og:type\" content=\"article\" \/>\n<meta property=\"og:title\" content=\"Tillg\u00e4nglighetsutl\u00e5tande | Aboa Vetus Ars Nova\" \/>\n<meta property=\"og:description\" content=\"Avan.fi -verkkosivujen suunnittelussa ja toteutuksessa on pyritty ottamaan huomioon sek\u00e4 verkkosis\u00e4lt\u00f6jen saavutettavuutta koskeva lains\u00e4\u00e4d\u00e4nt\u00f6 ett\u00e4 ohjeet.\" \/>\n<meta property=\"og:url\" content=\"https:\/\/avan.fi\/sv\/tillganglighetsutlatande\" \/>\n<meta property=\"og:site_name\" content=\"Aboa Vetus Ars Nova\" \/>\n<meta property=\"article:publisher\" content=\"https:\/\/www.facebook.com\/aboavetusarsnova\" \/>\n<meta property=\"article:modified_time\" content=\"2025-02-18T09:30:51+00:00\" \/>\n<meta name=\"twitter:card\" content=\"summary_large_image\" \/>\n<meta name=\"twitter:site\" content=\"@AVANmuseo\" \/>\n<meta name=\"twitter:label1\" content=\"Ber\u00e4knad l\u00e4stid\" \/>\n\t<meta name=\"twitter:data1\" content=\"2 minuter\" \/>\n<script type=\"application\/ld+json\" class=\"yoast-schema-graph\">{\"@context\":\"https:\/\/schema.org\",\"@graph\":[{\"@type\":\"WebPage\",\"@id\":\"https:\/\/avan.fi\/sv\/tillganglighetsutlatande\",\"url\":\"https:\/\/avan.fi\/sv\/tillganglighetsutlatande\",\"name\":\"Tillg\u00e4nglighetsutl\u00e5tande | Aboa Vetus Ars Nova\",\"isPartOf\":{\"@id\":\"https:\/\/avan.fi\/#website\"},\"datePublished\":\"2020-02-28T09:39:01+00:00\",\"dateModified\":\"2025-02-18T09:30:51+00:00\",\"description\":\"Avan.fi -verkkosivujen suunnittelussa ja toteutuksessa on pyritty ottamaan huomioon sek\u00e4 verkkosis\u00e4lt\u00f6jen saavutettavuutta koskeva lains\u00e4\u00e4d\u00e4nt\u00f6 ett\u00e4 ohjeet.\",\"breadcrumb\":{\"@id\":\"https:\/\/avan.fi\/sv\/tillganglighetsutlatande#breadcrumb\"},\"inLanguage\":\"sv-SE\",\"potentialAction\":[{\"@type\":\"ReadAction\",\"target\":[\"https:\/\/avan.fi\/sv\/tillganglighetsutlatande\"]}]},{\"@type\":\"BreadcrumbList\",\"@id\":\"https:\/\/avan.fi\/sv\/tillganglighetsutlatande#breadcrumb\",\"itemListElement\":[{\"@type\":\"ListItem\",\"position\":1,\"name\":\"Home\",\"item\":\"https:\/\/avan.fi\/sv\"},{\"@type\":\"ListItem\",\"position\":2,\"name\":\"Tillg\u00e4nglighetsutl\u00e5tande\"}]},{\"@type\":\"WebSite\",\"@id\":\"https:\/\/avan.fi\/#website\",\"url\":\"https:\/\/avan.fi\/\",\"name\":\"Aboa Vetus Ars Nova\",\"description\":\"\",\"publisher\":{\"@id\":\"https:\/\/avan.fi\/#organization\"},\"potentialAction\":[{\"@type\":\"SearchAction\",\"target\":{\"@type\":\"EntryPoint\",\"urlTemplate\":\"https:\/\/avan.fi\/?s={search_term_string}\"},\"query-input\":{\"@type\":\"PropertyValueSpecification\",\"valueRequired\":true,\"valueName\":\"search_term_string\"}}],\"inLanguage\":\"sv-SE\"},{\"@type\":\"Organization\",\"@id\":\"https:\/\/avan.fi\/#organization\",\"name\":\"Aboa Vetus Ars Nova\",\"url\":\"https:\/\/avan.fi\/\",\"logo\":{\"@type\":\"ImageObject\",\"inLanguage\":\"sv-SE\",\"@id\":\"https:\/\/avan.fi\/#\/schema\/logo\/image\/\",\"url\":\"https:\/\/avan.fi\/wp-content\/uploads\/2022\/03\/aboa_vetus_ars_nova-logo-black_1200px.png\",\"contentUrl\":\"https:\/\/avan.fi\/wp-content\/uploads\/2022\/03\/aboa_vetus_ars_nova-logo-black_1200px.png\",\"width\":1200,\"height\":95,\"caption\":\"Aboa Vetus Ars Nova\"},\"image\":{\"@id\":\"https:\/\/avan.fi\/#\/schema\/logo\/image\/\"},\"sameAs\":[\"https:\/\/www.facebook.com\/aboavetusarsnova\",\"https:\/\/x.com\/AVANmuseo\",\"https:\/\/www.youtube.com\/user\/aboavetusarsnova\",\"https:\/\/www.instagram.com\/aboavetusarsnova\/\",\"https:\/\/www.tripadvisor.ie\/Attraction_Review-g189949-d1753914-Reviews-Aboa_Vetus_Ars_Nova-Turku_Southwest_Finland.html\",\"https:\/\/www.linkedin.com\/company\/aboavetusarsnova\/\"]}]}<\/script>\n<!-- \/ Yoast SEO plugin. -->","yoast_head_json":{"title":"Tillg\u00e4nglighetsutl\u00e5tande | Aboa Vetus Ars Nova","description":"Avan.fi -verkkosivujen suunnittelussa ja toteutuksessa on pyritty ottamaan huomioon sek\u00e4 verkkosis\u00e4lt\u00f6jen saavutettavuutta koskeva lains\u00e4\u00e4d\u00e4nt\u00f6 ett\u00e4 ohjeet.","robots":{"index":"index","follow":"follow","max-snippet":"max-snippet:-1","max-image-preview":"max-image-preview:large","max-video-preview":"max-video-preview:-1"},"canonical":"https:\/\/avan.fi\/sv\/tillganglighetsutlatande","og_locale":"sv_SE","og_type":"article","og_title":"Tillg\u00e4nglighetsutl\u00e5tande | Aboa Vetus Ars Nova","og_description":"Avan.fi -verkkosivujen suunnittelussa ja toteutuksessa on pyritty ottamaan huomioon sek\u00e4 verkkosis\u00e4lt\u00f6jen saavutettavuutta koskeva lains\u00e4\u00e4d\u00e4nt\u00f6 ett\u00e4 ohjeet.","og_url":"https:\/\/avan.fi\/sv\/tillganglighetsutlatande","og_site_name":"Aboa Vetus Ars Nova","article_publisher":"https:\/\/www.facebook.com\/aboavetusarsnova","article_modified_time":"2025-02-18T09:30:51+00:00","twitter_card":"summary_large_image","twitter_site":"@AVANmuseo","twitter_misc":{"Ber\u00e4knad l\u00e4stid":"2 minuter"},"schema":{"@context":"https:\/\/schema.org","@graph":[{"@type":"WebPage","@id":"https:\/\/avan.fi\/sv\/tillganglighetsutlatande","url":"https:\/\/avan.fi\/sv\/tillganglighetsutlatande","name":"Tillg\u00e4nglighetsutl\u00e5tande | Aboa Vetus Ars Nova","isPartOf":{"@id":"https:\/\/avan.fi\/#website"},"datePublished":"2020-02-28T09:39:01+00:00","dateModified":"2025-02-18T09:30:51+00:00","description":"Avan.fi -verkkosivujen suunnittelussa ja toteutuksessa on pyritty ottamaan huomioon sek\u00e4 verkkosis\u00e4lt\u00f6jen saavutettavuutta koskeva lains\u00e4\u00e4d\u00e4nt\u00f6 ett\u00e4 ohjeet.","breadcrumb":{"@id":"https:\/\/avan.fi\/sv\/tillganglighetsutlatande#breadcrumb"},"inLanguage":"sv-SE","potentialAction":[{"@type":"ReadAction","target":["https:\/\/avan.fi\/sv\/tillganglighetsutlatande"]}]},{"@type":"BreadcrumbList","@id":"https:\/\/avan.fi\/sv\/tillganglighetsutlatande#breadcrumb","itemListElement":[{"@type":"ListItem","position":1,"name":"Home","item":"https:\/\/avan.fi\/sv"},{"@type":"ListItem","position":2,"name":"Tillg\u00e4nglighetsutl\u00e5tande"}]},{"@type":"WebSite","@id":"https:\/\/avan.fi\/#website","url":"https:\/\/avan.fi\/","name":"Aboa Vetus Ars Nova","description":"","publisher":{"@id":"https:\/\/avan.fi\/#organization"},"potentialAction":[{"@type":"SearchAction","target":{"@type":"EntryPoint","urlTemplate":"https:\/\/avan.fi\/?s={search_term_string}"},"query-input":{"@type":"PropertyValueSpecification","valueRequired":true,"valueName":"search_term_string"}}],"inLanguage":"sv-SE"},{"@type":"Organization","@id":"https:\/\/avan.fi\/#organization","name":"Aboa Vetus Ars Nova","url":"https:\/\/avan.fi\/","logo":{"@type":"ImageObject","inLanguage":"sv-SE","@id":"https:\/\/avan.fi\/#\/schema\/logo\/image\/","url":"https:\/\/avan.fi\/wp-content\/uploads\/2022\/03\/aboa_vetus_ars_nova-logo-black_1200px.png","contentUrl":"https:\/\/avan.fi\/wp-content\/uploads\/2022\/03\/aboa_vetus_ars_nova-logo-black_1200px.png","width":1200,"height":95,"caption":"Aboa Vetus Ars Nova"},"image":{"@id":"https:\/\/avan.fi\/#\/schema\/logo\/image\/"},"sameAs":["https:\/\/www.facebook.com\/aboavetusarsnova","https:\/\/x.com\/AVANmuseo","https:\/\/www.youtube.com\/user\/aboavetusarsnova","https:\/\/www.instagram.com\/aboavetusarsnova\/","https:\/\/www.tripadvisor.ie\/Attraction_Review-g189949-d1753914-Reviews-Aboa_Vetus_Ars_Nova-Turku_Southwest_Finland.html","https:\/\/www.linkedin.com\/company\/aboavetusarsnova\/"]}]}},"_links":{"self":[{"href":"https:\/\/avan.fi\/sv\/wp-json\/wp\/v2\/pages\/12579","targetHints":{"allow":["GET"]}}],"collection":[{"href":"https:\/\/avan.fi\/sv\/wp-json\/wp\/v2\/pages"}],"about":[{"href":"https:\/\/avan.fi\/sv\/wp-json\/wp\/v2\/types\/page"}],"author":[{"embeddable":true,"href":"https:\/\/avan.fi\/sv\/wp-json\/wp\/v2\/users\/3"}],"replies":[{"embeddable":true,"href":"https:\/\/avan.fi\/sv\/wp-json\/wp\/v2\/comments?post=12579"}],"version-history":[{"count":2,"href":"https:\/\/avan.fi\/sv\/wp-json\/wp\/v2\/pages\/12579\/revisions"}],"predecessor-version":[{"id":12585,"href":"https:\/\/avan.fi\/sv\/wp-json\/wp\/v2\/pages\/12579\/revisions\/12585"}],"wp:attachment":[{"href":"https:\/\/avan.fi\/sv\/wp-json\/wp\/v2\/media?parent=12579"}],"curies":[{"name":"wp","href":"https:\/\/api.w.org\/{rel}","templated":true}]}}