{"id":12578,"date":"2020-02-28T11:39:01","date_gmt":"2020-02-28T09:39:01","guid":{"rendered":"https:\/\/avan.fi\/saavutettavuusseloste"},"modified":"2025-02-18T11:28:40","modified_gmt":"2025-02-18T09:28:40","slug":"accessibility-statement","status":"publish","type":"page","link":"https:\/\/avan.fi\/en\/accessibility-statement","title":{"rendered":"Accessibility statement"},"content":{"rendered":"[vc_row type=&#8221;in_container&#8221; full_screen_row_position=&#8221;middle&#8221; column_margin=&#8221;default&#8221; column_direction=&#8221;default&#8221; column_direction_tablet=&#8221;default&#8221; column_direction_phone=&#8221;default&#8221; scene_position=&#8221;center&#8221; top_padding=&#8221;2%&#8221; bottom_padding=&#8221;2%&#8221; text_color=&#8221;dark&#8221; text_align=&#8221;left&#8221; row_border_radius=&#8221;none&#8221; row_border_radius_applies=&#8221;bg&#8221; overflow=&#8221;visible&#8221; overlay_strength=&#8221;0.3&#8243; gradient_direction=&#8221;left_to_right&#8221; shape_divider_position=&#8221;bottom&#8221; bg_image_animation=&#8221;none&#8221; shape_type=&#8221;&#8221;][vc_column column_padding=&#8221;padding-5-percent&#8221; column_padding_tablet=&#8221;inherit&#8221; column_padding_phone=&#8221;inherit&#8221; column_padding_position=&#8221;all&#8221; column_element_direction_desktop=&#8221;default&#8221; column_element_spacing=&#8221;default&#8221; desktop_text_alignment=&#8221;default&#8221; tablet_text_alignment=&#8221;default&#8221; phone_text_alignment=&#8221;default&#8221; background_color_opacity=&#8221;1&#8243; background_hover_color_opacity=&#8221;1&#8243; column_backdrop_filter=&#8221;none&#8221; column_shadow=&#8221;none&#8221; column_border_radius=&#8221;none&#8221; column_link_target=&#8221;_self&#8221; column_position=&#8221;default&#8221; gradient_direction=&#8221;left_to_right&#8221; overlay_strength=&#8221;0.3&#8243; width=&#8221;1\/1&#8243; tablet_width_inherit=&#8221;default&#8221; animation_type=&#8221;default&#8221; bg_image_animation=&#8221;none&#8221; border_type=&#8221;simple&#8221; column_border_width=&#8221;none&#8221; column_border_style=&#8221;solid&#8221;][vc_custom_heading text=&#8221;Accessibility statement&#8221; font_container=&#8221;tag:h1|text_align:left&#8221; use_theme_fonts=&#8221;yes&#8221; css=&#8221;&#8221;][divider line_type=&#8221;No Line&#8221; custom_height=&#8221;30&#8243;][vc_column_text css=&#8221;&#8221; text_direction=&#8221;default&#8221;]<strong>Aboa Vetus Ars Nova Foundation<\/strong><br \/>\nBusiness ID: 0968636\u20130<br \/>\nAddress: Nunnankatu 1, 20700 Turku<br \/>\n<a href=\"mailto:info@avan.fi\"><strong>info@avan.fi<\/strong><\/a>[\/vc_column_text][vc_column_text css=&#8221;&#8221; text_direction=&#8221;default&#8221;]\n<h3>Website accessibility statement<\/h3>\n<p>This accessibility statement is for the service www.avan.fi and was updated on 10 February 2025. The service is subject to the Act on Providing Digital Services, which requires that public online services must be accessible.<\/p>\n<p>We have assessed the accessibility of the service ourselves.<\/p>\n<p>&nbsp;<\/p>\n<h3>State of digital accessibility<\/h3>\n<p>The website www.avan.fi currently largely meets the WCAG (Web Content Accessibility Guidelines) criteria for levels A and AA.<\/p>\n<p>&nbsp;<\/p>\n<h3>Content or functions that are not yet accessible<\/h3>\n<ul>\n<li>There are some images on the site for which no descriptive textual responses have been defined. (WCAG 1.1.1)<\/li>\n<li>Colour combinations have been used on the pages, but they do not provide sufficient contrast. (WCAG 1.4.11)<\/li>\n<li>The site contains illogical jumps in header levels, which can make it difficult for some visitors to navigate the site. (WCAG 3.2.3)<\/li>\n<\/ul>\n<p>&nbsp;<\/p>\n<h3>Give feedback about accessibility<\/h3>\n<p>Did you notice a deficiency in accessibility in our digital service? Let us know and we will do our best to remedy it.<\/p>\n<p>Any deficiencies can be reported by email to info(at)avan.fi.<\/p>\n<p>&nbsp;<\/p>\n<h3>Supervisory authority<\/h3>\n<p>If you notice any accessibility problems on the site, please first give feedback to us, the site administrator. Please allow up to 14 days for the response. If you are unhappy with the response given, or you are not given a response at all within of two weeks, you may submit a notification to the Regional State Administrative Agency for Southern Finland. The Regional State Administrative Agency for Southern Finland&#8217;s website explains exactly how to submit a notification and how the matter will be handled.<\/p>\n<p>&nbsp;<\/p>\n<h3>Contact details of the supervisory authority<\/h3>\n<p>Regional State Administrative Agency for Southern Finland<br \/>\nDigital Accessibility Supervision Unit<br \/>\nwww.saavutettavuusvaatimukset.fi<br \/>\nsaavutettavuus(at)avi.fi<br \/>\ntelephone switchboard 0295 016\u00a0000[\/vc_column_text][divider line_type=&#8221;No Line&#8221; custom_height=&#8221;30&#8243;][\/vc_column][\/vc_row]\n","protected":false},"excerpt":{"rendered":"<p>[vc_row type=&#8221;in_container&#8221; full_screen_row_position=&#8221;middle&#8221; column_margin=&#8221;default&#8221; column_direction=&#8221;default&#8221; column_direction_tablet=&#8221;default&#8221; column_direction_phone=&#8221;default&#8221; scene_position=&#8221;center&#8221; top_padding=&#8221;2%&#8221; bottom_padding=&#8221;2%&#8221; text_color=&#8221;dark&#8221; text_align=&#8221;left&#8221; row_border_radius=&#8221;none&#8221; row_border_radius_applies=&#8221;bg&#8221; overflow=&#8221;visible&#8221; overlay_strength=&#8221;0.3&#8243; gradient_direction=&#8221;left_to_right&#8221; shape_divider_position=&#8221;bottom&#8221; bg_image_animation=&#8221;none&#8221; shape_type=&#8221;&#8221;][vc_column column_padding=&#8221;padding-5-percent&#8221; column_padding_tablet=&#8221;inherit&#8221; column_padding_phone=&#8221;inherit&#8221; column_padding_position=&#8221;all&#8221; column_element_direction_desktop=&#8221;default&#8221; column_element_spacing=&#8221;default&#8221; desktop_text_alignment=&#8221;default&#8221; tablet_text_alignment=&#8221;default&#8221; phone_text_alignment=&#8221;default&#8221; background_color_opacity=&#8221;1&#8243; background_hover_color_opacity=&#8221;1&#8243; column_backdrop_filter=&#8221;none&#8221; column_shadow=&#8221;none&#8221; column_border_radius=&#8221;none&#8221; column_link_target=&#8221;_self&#8221; column_position=&#8221;default&#8221; gradient_direction=&#8221;left_to_right&#8221; overlay_strength=&#8221;0.3&#8243; width=&#8221;1\/1&#8243; tablet_width_inherit=&#8221;default&#8221; animation_type=&#8221;default&#8221; bg_image_animation=&#8221;none&#8221; border_type=&#8221;simple&#8221; column_border_width=&#8221;none&#8221; column_border_style=&#8221;solid&#8221;][vc_custom_heading&#8230;<\/p>\n","protected":false},"author":3,"featured_media":0,"parent":0,"menu_order":0,"comment_status":"closed","ping_status":"closed","template":"","meta":{"_acf_changed":false,"footnotes":""},"class_list":["post-12578","page","type-page","status-publish"],"acf":[],"yoast_head":"<!-- This site is optimized with the Yoast SEO plugin v27.4 - https:\/\/yoast.com\/product\/yoast-seo-wordpress\/ -->\n<title>Accessibility statement | Aboa Vetus Ars Nova<\/title>\n<meta name=\"description\" content=\"Avan.fi -verkkosivujen suunnittelussa ja toteutuksessa on pyritty ottamaan huomioon sek\u00e4 verkkosis\u00e4lt\u00f6jen saavutettavuutta koskeva lains\u00e4\u00e4d\u00e4nt\u00f6 ett\u00e4 ohjeet.\" \/>\n<meta name=\"robots\" content=\"index, follow, max-snippet:-1, max-image-preview:large, max-video-preview:-1\" \/>\n<link rel=\"canonical\" href=\"https:\/\/avan.fi\/en\/accessibility-statement\" \/>\n<meta property=\"og:locale\" content=\"en_US\" \/>\n<meta property=\"og:type\" content=\"article\" \/>\n<meta property=\"og:title\" content=\"Accessibility statement | Aboa Vetus Ars Nova\" \/>\n<meta property=\"og:description\" content=\"Avan.fi -verkkosivujen suunnittelussa ja toteutuksessa on pyritty ottamaan huomioon sek\u00e4 verkkosis\u00e4lt\u00f6jen saavutettavuutta koskeva lains\u00e4\u00e4d\u00e4nt\u00f6 ett\u00e4 ohjeet.\" \/>\n<meta property=\"og:url\" content=\"https:\/\/avan.fi\/en\/accessibility-statement\" \/>\n<meta property=\"og:site_name\" content=\"Aboa Vetus Ars Nova\" \/>\n<meta property=\"article:publisher\" content=\"https:\/\/www.facebook.com\/aboavetusarsnova\" \/>\n<meta property=\"article:modified_time\" content=\"2025-02-18T09:28:40+00:00\" \/>\n<meta name=\"twitter:card\" content=\"summary_large_image\" \/>\n<meta name=\"twitter:site\" content=\"@AVANmuseo\" \/>\n<meta name=\"twitter:label1\" content=\"Est. reading time\" \/>\n\t<meta name=\"twitter:data1\" content=\"2 minutes\" \/>\n<script type=\"application\/ld+json\" class=\"yoast-schema-graph\">{\"@context\":\"https:\\\/\\\/schema.org\",\"@graph\":[{\"@type\":\"WebPage\",\"@id\":\"https:\\\/\\\/avan.fi\\\/en\\\/accessibility-statement\",\"url\":\"https:\\\/\\\/avan.fi\\\/en\\\/accessibility-statement\",\"name\":\"Accessibility statement | Aboa Vetus Ars Nova\",\"isPartOf\":{\"@id\":\"https:\\\/\\\/avan.fi\\\/#website\"},\"datePublished\":\"2020-02-28T09:39:01+00:00\",\"dateModified\":\"2025-02-18T09:28:40+00:00\",\"description\":\"Avan.fi -verkkosivujen suunnittelussa ja toteutuksessa on pyritty ottamaan huomioon sek\u00e4 verkkosis\u00e4lt\u00f6jen saavutettavuutta koskeva lains\u00e4\u00e4d\u00e4nt\u00f6 ett\u00e4 ohjeet.\",\"breadcrumb\":{\"@id\":\"https:\\\/\\\/avan.fi\\\/en\\\/accessibility-statement#breadcrumb\"},\"inLanguage\":\"en-US\",\"potentialAction\":[{\"@type\":\"ReadAction\",\"target\":[\"https:\\\/\\\/avan.fi\\\/en\\\/accessibility-statement\"]}]},{\"@type\":\"BreadcrumbList\",\"@id\":\"https:\\\/\\\/avan.fi\\\/en\\\/accessibility-statement#breadcrumb\",\"itemListElement\":[{\"@type\":\"ListItem\",\"position\":1,\"name\":\"Home\",\"item\":\"https:\\\/\\\/avan.fi\\\/en\"},{\"@type\":\"ListItem\",\"position\":2,\"name\":\"Accessibility statement\"}]},{\"@type\":\"WebSite\",\"@id\":\"https:\\\/\\\/avan.fi\\\/#website\",\"url\":\"https:\\\/\\\/avan.fi\\\/\",\"name\":\"Aboa Vetus Ars Nova\",\"description\":\"\",\"publisher\":{\"@id\":\"https:\\\/\\\/avan.fi\\\/#organization\"},\"potentialAction\":[{\"@type\":\"SearchAction\",\"target\":{\"@type\":\"EntryPoint\",\"urlTemplate\":\"https:\\\/\\\/avan.fi\\\/?s={search_term_string}\"},\"query-input\":{\"@type\":\"PropertyValueSpecification\",\"valueRequired\":true,\"valueName\":\"search_term_string\"}}],\"inLanguage\":\"en-US\"},{\"@type\":\"Organization\",\"@id\":\"https:\\\/\\\/avan.fi\\\/#organization\",\"name\":\"Aboa Vetus Ars Nova\",\"url\":\"https:\\\/\\\/avan.fi\\\/\",\"logo\":{\"@type\":\"ImageObject\",\"inLanguage\":\"en-US\",\"@id\":\"https:\\\/\\\/avan.fi\\\/#\\\/schema\\\/logo\\\/image\\\/\",\"url\":\"https:\\\/\\\/avan.fi\\\/wp-content\\\/uploads\\\/2022\\\/03\\\/aboa_vetus_ars_nova-logo-black_1200px.png\",\"contentUrl\":\"https:\\\/\\\/avan.fi\\\/wp-content\\\/uploads\\\/2022\\\/03\\\/aboa_vetus_ars_nova-logo-black_1200px.png\",\"width\":1200,\"height\":95,\"caption\":\"Aboa Vetus Ars Nova\"},\"image\":{\"@id\":\"https:\\\/\\\/avan.fi\\\/#\\\/schema\\\/logo\\\/image\\\/\"},\"sameAs\":[\"https:\\\/\\\/www.facebook.com\\\/aboavetusarsnova\",\"https:\\\/\\\/x.com\\\/AVANmuseo\",\"https:\\\/\\\/www.youtube.com\\\/user\\\/aboavetusarsnova\",\"https:\\\/\\\/www.instagram.com\\\/aboavetusarsnova\\\/\",\"https:\\\/\\\/www.tripadvisor.ie\\\/Attraction_Review-g189949-d1753914-Reviews-Aboa_Vetus_Ars_Nova-Turku_Southwest_Finland.html\",\"https:\\\/\\\/www.linkedin.com\\\/company\\\/aboavetusarsnova\\\/\"]}]}<\/script>\n<!-- \/ Yoast SEO plugin. -->","yoast_head_json":{"title":"Accessibility statement | Aboa Vetus Ars Nova","description":"Avan.fi -verkkosivujen suunnittelussa ja toteutuksessa on pyritty ottamaan huomioon sek\u00e4 verkkosis\u00e4lt\u00f6jen saavutettavuutta koskeva lains\u00e4\u00e4d\u00e4nt\u00f6 ett\u00e4 ohjeet.","robots":{"index":"index","follow":"follow","max-snippet":"max-snippet:-1","max-image-preview":"max-image-preview:large","max-video-preview":"max-video-preview:-1"},"canonical":"https:\/\/avan.fi\/en\/accessibility-statement","og_locale":"en_US","og_type":"article","og_title":"Accessibility statement | Aboa Vetus Ars Nova","og_description":"Avan.fi -verkkosivujen suunnittelussa ja toteutuksessa on pyritty ottamaan huomioon sek\u00e4 verkkosis\u00e4lt\u00f6jen saavutettavuutta koskeva lains\u00e4\u00e4d\u00e4nt\u00f6 ett\u00e4 ohjeet.","og_url":"https:\/\/avan.fi\/en\/accessibility-statement","og_site_name":"Aboa Vetus Ars Nova","article_publisher":"https:\/\/www.facebook.com\/aboavetusarsnova","article_modified_time":"2025-02-18T09:28:40+00:00","twitter_card":"summary_large_image","twitter_site":"@AVANmuseo","twitter_misc":{"Est. reading time":"2 minutes"},"schema":{"@context":"https:\/\/schema.org","@graph":[{"@type":"WebPage","@id":"https:\/\/avan.fi\/en\/accessibility-statement","url":"https:\/\/avan.fi\/en\/accessibility-statement","name":"Accessibility statement | Aboa Vetus Ars Nova","isPartOf":{"@id":"https:\/\/avan.fi\/#website"},"datePublished":"2020-02-28T09:39:01+00:00","dateModified":"2025-02-18T09:28:40+00:00","description":"Avan.fi -verkkosivujen suunnittelussa ja toteutuksessa on pyritty ottamaan huomioon sek\u00e4 verkkosis\u00e4lt\u00f6jen saavutettavuutta koskeva lains\u00e4\u00e4d\u00e4nt\u00f6 ett\u00e4 ohjeet.","breadcrumb":{"@id":"https:\/\/avan.fi\/en\/accessibility-statement#breadcrumb"},"inLanguage":"en-US","potentialAction":[{"@type":"ReadAction","target":["https:\/\/avan.fi\/en\/accessibility-statement"]}]},{"@type":"BreadcrumbList","@id":"https:\/\/avan.fi\/en\/accessibility-statement#breadcrumb","itemListElement":[{"@type":"ListItem","position":1,"name":"Home","item":"https:\/\/avan.fi\/en"},{"@type":"ListItem","position":2,"name":"Accessibility statement"}]},{"@type":"WebSite","@id":"https:\/\/avan.fi\/#website","url":"https:\/\/avan.fi\/","name":"Aboa Vetus Ars Nova","description":"","publisher":{"@id":"https:\/\/avan.fi\/#organization"},"potentialAction":[{"@type":"SearchAction","target":{"@type":"EntryPoint","urlTemplate":"https:\/\/avan.fi\/?s={search_term_string}"},"query-input":{"@type":"PropertyValueSpecification","valueRequired":true,"valueName":"search_term_string"}}],"inLanguage":"en-US"},{"@type":"Organization","@id":"https:\/\/avan.fi\/#organization","name":"Aboa Vetus Ars Nova","url":"https:\/\/avan.fi\/","logo":{"@type":"ImageObject","inLanguage":"en-US","@id":"https:\/\/avan.fi\/#\/schema\/logo\/image\/","url":"https:\/\/avan.fi\/wp-content\/uploads\/2022\/03\/aboa_vetus_ars_nova-logo-black_1200px.png","contentUrl":"https:\/\/avan.fi\/wp-content\/uploads\/2022\/03\/aboa_vetus_ars_nova-logo-black_1200px.png","width":1200,"height":95,"caption":"Aboa Vetus Ars Nova"},"image":{"@id":"https:\/\/avan.fi\/#\/schema\/logo\/image\/"},"sameAs":["https:\/\/www.facebook.com\/aboavetusarsnova","https:\/\/x.com\/AVANmuseo","https:\/\/www.youtube.com\/user\/aboavetusarsnova","https:\/\/www.instagram.com\/aboavetusarsnova\/","https:\/\/www.tripadvisor.ie\/Attraction_Review-g189949-d1753914-Reviews-Aboa_Vetus_Ars_Nova-Turku_Southwest_Finland.html","https:\/\/www.linkedin.com\/company\/aboavetusarsnova\/"]}]}},"_links":{"self":[{"href":"https:\/\/avan.fi\/en\/wp-json\/wp\/v2\/pages\/12578","targetHints":{"allow":["GET"]}}],"collection":[{"href":"https:\/\/avan.fi\/en\/wp-json\/wp\/v2\/pages"}],"about":[{"href":"https:\/\/avan.fi\/en\/wp-json\/wp\/v2\/types\/page"}],"author":[{"embeddable":true,"href":"https:\/\/avan.fi\/en\/wp-json\/wp\/v2\/users\/3"}],"replies":[{"embeddable":true,"href":"https:\/\/avan.fi\/en\/wp-json\/wp\/v2\/comments?post=12578"}],"version-history":[{"count":2,"href":"https:\/\/avan.fi\/en\/wp-json\/wp\/v2\/pages\/12578\/revisions"}],"predecessor-version":[{"id":12583,"href":"https:\/\/avan.fi\/en\/wp-json\/wp\/v2\/pages\/12578\/revisions\/12583"}],"wp:attachment":[{"href":"https:\/\/avan.fi\/en\/wp-json\/wp\/v2\/media?parent=12578"}],"curies":[{"name":"wp","href":"https:\/\/api.w.org\/{rel}","templated":true}]}}